{"id":13,"date":"2011-10-30T14:31:19","date_gmt":"2011-10-30T14:31:19","guid":{"rendered":"http:\/\/tarrabyachts.com.ar\/?page_id=13"},"modified":"2017-07-01T21:19:31","modified_gmt":"2017-07-01T21:19:31","slug":"tradition","status":"publish","type":"page","link":"http:\/\/tarrabyachts.com.ar\/es\/tradition\/","title":{"rendered":"Tradici\u00f3n"},"content":{"rendered":"<p>&nbsp;<\/p>\n<h2>Tradici\u00f3n y Experiencia<\/h2>\n<p>Tarrab ha estado construyendo yates por m\u00e1s de 40 a\u00f1os y hoy es el constructor de yates de fibra de vidrio m\u00e1s importante de la Argentina, en el rango de 40 a m\u00e1s de 116 pies.\u00a0Todos los yates Tarrab est\u00e1n construidos sobre una base de fibra de vidrio s\u00f3lida, y se hacen a medida para cada cliente, utilizando mano de obra de excelente calidad, utilizando partes y componentes importados de Estados Unidos y Europa<\/p>\n<h2>Lo Mejor en Comfort<\/h2>\n<p>Todos los yates Tarrab est\u00e1n dise\u00f1ados para proveer seguridad y confort. Todos los modelos tienen generosas mangas y bajos centros de gravedad para proveer comodidades que no son habituales en yates de estas dimensiones y de esta manera mejorar la estabilidad en la navegaci\u00f3n. Varios mamparos estructurales incorporados al dise\u00f1o proveen la base de un casco sumamente resistente para una gran seguridad<\/p>\n<h2>Calidad y Confiabilidad<\/h2>\n<p>Los yates Tarrab est\u00e1n construidos con los m\u00e1s altos est\u00e1ndares de mano de obra y componentes de calidad que le aseguran a\u00f1os de operaci\u00f3n segura y confiable; todos los sistemas est\u00e1n dise\u00f1ados para poder darles servicio sin problemas<\/p>","protected":false},"excerpt":{"rendered":"<p>&nbsp; Tradici\u00f3n y Experiencia Tarrab ha estado construyendo yates por m\u00e1s de 40 a\u00f1os y hoy es el constructor de yates de fibra de vidrio m\u00e1s importante de la Argentina, en el rango de 40 a m\u00e1s de 116 pies.\u00a0Todos los yates Tarrab est\u00e1n construidos sobre una base de fibra de vidrio s\u00f3lida, y se [&hellip;]<\/p>\n","protected":false},"author":1,"featured_media":336,"parent":0,"menu_order":6,"comment_status":"open","ping_status":"open","template":"template-gallery.php","meta":[],"_links":{"self":[{"href":"http:\/\/tarrabyachts.com.ar\/es\/wp-json\/wp\/v2\/pages\/13"}],"collection":[{"href":"http:\/\/tarrabyachts.com.ar\/es\/wp-json\/wp\/v2\/pages"}],"about":[{"href":"http:\/\/tarrabyachts.com.ar\/es\/wp-json\/wp\/v2\/types\/page"}],"author":[{"embeddable":true,"href":"http:\/\/tarrabyachts.com.ar\/es\/wp-json\/wp\/v2\/users\/1"}],"replies":[{"embeddable":true,"href":"http:\/\/tarrabyachts.com.ar\/es\/wp-json\/wp\/v2\/comments?post=13"}],"version-history":[{"count":16,"href":"http:\/\/tarrabyachts.com.ar\/es\/wp-json\/wp\/v2\/pages\/13\/revisions"}],"predecessor-version":[{"id":38,"href":"http:\/\/tarrabyachts.com.ar\/es\/wp-json\/wp\/v2\/pages\/13\/revisions\/38"}],"wp:featuredmedia":[{"embeddable":true,"href":"http:\/\/tarrabyachts.com.ar\/es\/wp-json\/wp\/v2\/media\/336"}],"wp:attachment":[{"href":"http:\/\/tarrabyachts.com.ar\/es\/wp-json\/wp\/v2\/media?parent=13"}],"curies":[{"name":"wp","href":"https:\/\/api.w.org\/{rel}","templated":true}]}}