{"id":338,"date":"2011-12-26T18:40:44","date_gmt":"2011-12-26T18:40:44","guid":{"rendered":"http:\/\/tarrabyachts.com.ar\/?page_id=338"},"modified":"2011-12-26T22:39:17","modified_gmt":"2011-12-26T22:39:17","slug":"terms-and-conditions","status":"publish","type":"page","link":"http:\/\/tarrabyachts.com.ar\/es\/terms-and-conditions\/","title":{"rendered":"T\u00e9rminos y Condiciones"},"content":{"rendered":"<p><\/p>\n<h2>RECHAZO DE RECLAMOS Y T\u00c9RMINOS DE USO DEL SITIO WEB<\/h2>\n<p>CONDICIONES DE ACCESO Y USO: Todas las personas o entidades que eligen acceder o ver nuestro sitio web convienen que dicho acceso y cualquier uso de la informaci\u00f3n esta sujeta a ciertos t\u00e9rminos y condiciones. Si dichos t\u00e9rminos o condiciones no son aceptables entonces el usuario debe inmediatamente cerrar nuestro sitio web. Estas condiciones son una parte material del contrato entre nosotros y las personas o entidades que elijan acceder y ver nuestro sitio web y este sitio web esta solamente disponible bajo el estricto cumplimiento de estas condiciones.<\/p>\n<h2>1. JURISDICCI\u00d3N<\/h2>\n<p>ASTILLEROS TARRAB S.A. es una empresa Argentina con su \u00fanico lugar ubicado en la Ciudad de Buenos Aires en Argentina. Este sitio es para su conveniencia e informaci\u00f3n solamente y no es que solicitemos su negocio. Por su acceso o cualquier uso de este sitio usted acepta que ASTILLEROS TARRAB S.A. no se somete a la jurisdicci\u00f3n de ning\u00fan otro estado, pa\u00eds o entidad gubernamental, y adicionalmente usted acepta que cualquier reclamo, demanda, acci\u00f3n civil, agravio que de alguna manera se relaciona o deriva de este sitio web o su uso en Internet para acceder a este sitio que la jurisdicci\u00f3n es la Ciudad de Buenos Aires en Argentina, estar\u00e1 sujeta a las leyes Argentinas, y que usted se somete a la jurisdicci\u00f3n y acepta el lugar de la Ciudad de Buenos Aires.<\/p>\n<h2>2. RECHAZO DE RECLAMOS<\/h2>\n<p>Las descripciones y fotograf\u00edas contenidas en este sitio web relativas a los Yates contru\u00eddos por Tarrab, sus cualidades y sus rendimientos, no representan una obligaci\u00f3n contractual concerniente a las caracter\u00edsticas espec\u00edficas de cada Yate y son provistas solamente como ejemplo. Adicionalmente, las descripciones del sitio web mencionadas no deben, bajo ninguna circunstancia, representar un elemento a ser utilizado para juzgar si las mercader\u00edas se ajustan a lo indicado. Como parte de la estrategia de actualizar constantemente las caracter\u00edsticas t\u00e9cnicas y estilo de sus Yates, Tarrab se reserva el derecho de modificar las caracter\u00edsticas de sus Yates en cualquier momento. Consecuentemente el Cliente debe verficar cuidadosamente las caracter\u00edsticas del Yate antes de firmar el contrato. Hemos realizado esfuerzos razonables para asegurarnos de que la informaci\u00f3n contenida en este sitio web es precisa, no obstante, toda la informaci\u00f3n se provee \u201ccomo esta\u201d sin ninguna garant\u00eda expresa o impl\u00edcita, INCLUYENDO, PERO SIN LIMITARSE A, GARANTIAS COMERCIALES IMPL\u00cdCITAS, DE USO PARA UN PROP\u00d3SITO DETERMINADO O DE NO VIOLACI\u00d3N. BAJO NINGUNA CIRCUNSTANCIA NOSOTROS SEREMOS RESPONSABLES POR CUALQUIER DA\u00d1O ESPECIAL, INDIRECTO, PUNITIVO O CONSECUENTE RESULTANTES DE CAULQUIER USO O RENDIMIENTO O DE ERRORES CONTENIDOS U OMISIONES EN LA INFORMACI\u00d3N, AUN SI SE NOS NOTIFICA POR ADELANTADO DEL POTENCIAL DE DICHOS DA\u00d1OS.<\/p>\n<h2>3. NOTA SOBRE LOS DERECHOS DE AUTOR<\/h2>\n<p>Los derechos de autor para todo el contenido de este sitio web para prop\u00f3sitos comerciales o para ser distribuido a otras personas es una violaci\u00f3n de la ley Argentina de Derechos de Autor y usted puede estar sujeto a penalidades civiles y criminales. Usted no puede copiar, modificar, publicar, transmitir, crear trabajos derivados o de cualquier otra manera explotar nuestros trabajos en nuestro sitio web sin antes haber obtenido nuestro consentimiento por escrito. Usted no puede ver, reproducir, imprimir o de otra manera utilizar el contenido de este sitio web para ninguna otra cosa que su uso personal, informativo y no comercial y la reproducci\u00f3n debe incluir una nota como se indica arriba.<\/p>\n<h2>4. NOTA SOBRE MARCAS REGISTRADAS<\/h2>\n<p>Todos los nombres de los productos, marcas registradas, marcas de servicio u otras im\u00e1genes en este sitio web son de nuestra propiedad. Cualquier otro uso o sugerencia es accidental y no intencional y ser\u00e1 corregida inmediatamente al recibir la notificaci\u00f3n apropiada. Usted no debe asumir que el uso de dichos derechos de propiedad est\u00e1n impl\u00edcitos o expresamente permitidos por su aparici\u00f3n en nuestro sitio web y por lo tanto apropiarse o utilizarlo sin nuestro expreso consentimiento esta estrictamente prohibido.<\/p>\n<h2>5. OBLIGACIONES LEGALES DE TARRAB<\/h2>\n<p>Ninguna persona o empresa puede actuar representando a Tarrab fuera de sus representantes legales, cada contrato debe ser firmado por un representante legal de Astilleros Tarrab S.A. para ser v\u00e1lido.<\/p>","protected":false},"excerpt":{"rendered":"<p>RECHAZO DE RECLAMOS Y T\u00c9RMINOS DE USO DEL SITIO WEB CONDICIONES DE ACCESO Y USO: Todas las personas o entidades que eligen acceder o ver nuestro sitio web convienen que dicho acceso y cualquier uso de la informaci\u00f3n esta sujeta a ciertos t\u00e9rminos y condiciones. Si dichos t\u00e9rminos o condiciones no son aceptables entonces el [&hellip;]<\/p>\n","protected":false},"author":1,"featured_media":0,"parent":0,"menu_order":10,"comment_status":"open","ping_status":"open","template":"","meta":[],"_links":{"self":[{"href":"http:\/\/tarrabyachts.com.ar\/es\/wp-json\/wp\/v2\/pages\/338"}],"collection":[{"href":"http:\/\/tarrabyachts.com.ar\/es\/wp-json\/wp\/v2\/pages"}],"about":[{"href":"http:\/\/tarrabyachts.com.ar\/es\/wp-json\/wp\/v2\/types\/page"}],"author":[{"embeddable":true,"href":"http:\/\/tarrabyachts.com.ar\/es\/wp-json\/wp\/v2\/users\/1"}],"replies":[{"embeddable":true,"href":"http:\/\/tarrabyachts.com.ar\/es\/wp-json\/wp\/v2\/comments?post=338"}],"version-history":[{"count":6,"href":"http:\/\/tarrabyachts.com.ar\/es\/wp-json\/wp\/v2\/pages\/338\/revisions"}],"predecessor-version":[{"id":345,"href":"http:\/\/tarrabyachts.com.ar\/es\/wp-json\/wp\/v2\/pages\/338\/revisions\/345"}],"wp:attachment":[{"href":"http:\/\/tarrabyachts.com.ar\/es\/wp-json\/wp\/v2\/media?parent=338"}],"curies":[{"name":"wp","href":"https:\/\/api.w.org\/{rel}","templated":true}]}}