{"id":5,"date":"2011-10-30T14:30:46","date_gmt":"2011-10-30T14:30:46","guid":{"rendered":"http:\/\/tarrabyachts.com.ar\/?page_id=5"},"modified":"2017-07-01T21:24:18","modified_gmt":"2017-07-01T21:24:18","slug":"design","status":"publish","type":"page","link":"http:\/\/tarrabyachts.com.ar\/es\/design\/","title":{"rendered":"Dise\u00f1o"},"content":{"rendered":"<p><\/p>\n<h2>La M\u00e1s Alta Calidad<\/h2>\n<p>Los barcos a medida construidos por Astilleros Tarrab son el sue\u00f1o de todo navegante. Junto con la s\u00f3lida estructura y la confiabilidad en la navegaci\u00f3n, sorprenden la comodidad y los amplios espacios que los caracterizan. \u00a0Una relaci\u00f3n personal con el equipo de dise\u00f1o, permite una activa participaci\u00f3n en el proceso de decoraci\u00f3n para as\u00ed darle al barco el toque personal del cliente<\/p>\n<h2>Lo Mejor de Ambos Mundos<\/h2>\n<p>Los barcos hechos en Astilleros Tarrab tienen especial dedicaci\u00f3n por los detalles interiores. Para ello se valen de artesanos ebanistas que son de los pocos que quedan en el mundo. Es a trav\u00e9s de su mano de obra especializada, inspirados en el dise\u00f1o europeo y utilizando tecnolog\u00eda americana, que obtenemos el mejor producto posible combinando lo mejor\u00a0 de cada uno<\/p>\n<h2>Su Firma Personal<\/h2>\n<p>Tarrab permite a los due\u00f1os realizar su propio planeamiento del espacio interior (con la excepci\u00f3n de componentes estructurales), al igual que todo tipo de decoraci\u00f3n y maquinaria que deseen incorporar. Sin importar qu\u00e9 tan espec\u00edfica sea la solicitud, proveeremos a los expertos y consejos que necesite, incluyendo ingenieros navales y especialistas en ruido y vibraci\u00f3n, al igual que expertos en aplicaci\u00f3n de pintura, cuartos de m\u00e1quina, dise\u00f1o interior y electr\u00f3nica<\/p>","protected":false},"excerpt":{"rendered":"<p>La M\u00e1s Alta Calidad Los barcos a medida construidos por Astilleros Tarrab son el sue\u00f1o de todo navegante. Junto con la s\u00f3lida estructura y la confiabilidad en la navegaci\u00f3n, sorprenden la comodidad y los amplios espacios que los caracterizan. \u00a0Una relaci\u00f3n personal con el equipo de dise\u00f1o, permite una activa participaci\u00f3n en el proceso de [&hellip;]<\/p>\n","protected":false},"author":1,"featured_media":30,"parent":0,"menu_order":2,"comment_status":"open","ping_status":"open","template":"","meta":[],"_links":{"self":[{"href":"http:\/\/tarrabyachts.com.ar\/es\/wp-json\/wp\/v2\/pages\/5"}],"collection":[{"href":"http:\/\/tarrabyachts.com.ar\/es\/wp-json\/wp\/v2\/pages"}],"about":[{"href":"http:\/\/tarrabyachts.com.ar\/es\/wp-json\/wp\/v2\/types\/page"}],"author":[{"embeddable":true,"href":"http:\/\/tarrabyachts.com.ar\/es\/wp-json\/wp\/v2\/users\/1"}],"replies":[{"embeddable":true,"href":"http:\/\/tarrabyachts.com.ar\/es\/wp-json\/wp\/v2\/comments?post=5"}],"version-history":[{"count":9,"href":"http:\/\/tarrabyachts.com.ar\/es\/wp-json\/wp\/v2\/pages\/5\/revisions"}],"predecessor-version":[{"id":379,"href":"http:\/\/tarrabyachts.com.ar\/es\/wp-json\/wp\/v2\/pages\/5\/revisions\/379"}],"wp:featuredmedia":[{"embeddable":true,"href":"http:\/\/tarrabyachts.com.ar\/es\/wp-json\/wp\/v2\/media\/30"}],"wp:attachment":[{"href":"http:\/\/tarrabyachts.com.ar\/es\/wp-json\/wp\/v2\/media?parent=5"}],"curies":[{"name":"wp","href":"https:\/\/api.w.org\/{rel}","templated":true}]}}