{"id":9,"date":"2011-10-30T14:31:01","date_gmt":"2011-10-30T14:31:01","guid":{"rendered":"http:\/\/tarrabyachts.com.ar\/?page_id=9"},"modified":"2017-07-01T21:28:45","modified_gmt":"2017-07-01T21:28:45","slug":"construction","status":"publish","type":"page","link":"http:\/\/tarrabyachts.com.ar\/es\/construction\/","title":{"rendered":"Construcci\u00f3n"},"content":{"rendered":"<p><\/p>\n<h2>T\u00e9cnicas Tradicionales<\/h2>\n<p>Uno de los aspectos \u00fanicos que Astilleros Tarrab tiene para ofrecer a su apreciada clientela es la mano de obra altamente especializada lo que\u00a0 destaca su producto del resto de los elaborados por otros astilleros. A diferencia de otros constructores, Tarrab utiliza \u00fanicamente fibra de vidrio para la fabricaci\u00f3n del casco. Asimismo, la utilizaci\u00f3n de resinas vinilester en las capas ofrece una mejor resistencia contra la abrasi\u00f3n. Adicionalmente, antes de que se aplique la pintura final del fondo, en Astilleros Tarrab se utiliza un proceso anti abrasivo con materiales epoxi<\/p>\n<h2>Navegaci\u00f3n Calma<\/h2>\n<p>Tarrab tambi\u00e9n presta especial atenci\u00f3n a la necesidad de sus clientes de una navegaci\u00f3n calma y libre de vibraci\u00f3n. Para mantener el ruido y la vibraci\u00f3n en el m\u00ednimo nivel posible, se instalan mamparos transversalmente, para brindar mayor solidez y prevenir danos\u00a0 atravesando mares turbulentos. Previo a instalar cualquier equipo en la sala de m\u00e1quinas del barco, (un \u00e1rea espaciosa y con los indicadores de niveles ubicados de manera c\u00f3moda y visible), una pieza de acero en forma de U se superpone a los largueros y es atornillada a ellos. Los sostenes del motor son a su vez fijados a esta estructura. La idea es dispersar el peso de una manera pareja y de este modo minimizar la vibraci\u00f3n<\/p>","protected":false},"excerpt":{"rendered":"<p>T\u00e9cnicas Tradicionales Uno de los aspectos \u00fanicos que Astilleros Tarrab tiene para ofrecer a su apreciada clientela es la mano de obra altamente especializada lo que\u00a0 destaca su producto del resto de los elaborados por otros astilleros. A diferencia de otros constructores, Tarrab utiliza \u00fanicamente fibra de vidrio para la fabricaci\u00f3n del casco. Asimismo, la [&hellip;]<\/p>\n","protected":false},"author":1,"featured_media":34,"parent":0,"menu_order":4,"comment_status":"open","ping_status":"open","template":"","meta":[],"_links":{"self":[{"href":"http:\/\/tarrabyachts.com.ar\/es\/wp-json\/wp\/v2\/pages\/9"}],"collection":[{"href":"http:\/\/tarrabyachts.com.ar\/es\/wp-json\/wp\/v2\/pages"}],"about":[{"href":"http:\/\/tarrabyachts.com.ar\/es\/wp-json\/wp\/v2\/types\/page"}],"author":[{"embeddable":true,"href":"http:\/\/tarrabyachts.com.ar\/es\/wp-json\/wp\/v2\/users\/1"}],"replies":[{"embeddable":true,"href":"http:\/\/tarrabyachts.com.ar\/es\/wp-json\/wp\/v2\/comments?post=9"}],"version-history":[{"count":18,"href":"http:\/\/tarrabyachts.com.ar\/es\/wp-json\/wp\/v2\/pages\/9\/revisions"}],"predecessor-version":[{"id":381,"href":"http:\/\/tarrabyachts.com.ar\/es\/wp-json\/wp\/v2\/pages\/9\/revisions\/381"}],"wp:featuredmedia":[{"embeddable":true,"href":"http:\/\/tarrabyachts.com.ar\/es\/wp-json\/wp\/v2\/media\/34"}],"wp:attachment":[{"href":"http:\/\/tarrabyachts.com.ar\/es\/wp-json\/wp\/v2\/media?parent=9"}],"curies":[{"name":"wp","href":"https:\/\/api.w.org\/{rel}","templated":true}]}}